{"id":5878,"date":"2026-03-19T05:12:53","date_gmt":"2026-03-19T05:12:53","guid":{"rendered":"https:\/\/lwbgmbh.de\/?page_id=5878"},"modified":"2026-03-28T07:17:30","modified_gmt":"2026-03-28T07:17:30","slug":"unsere-leistungen","status":"publish","type":"page","link":"https:\/\/lwbgmbh.de\/index.php\/unsere-leistungen\/","title":{"rendered":"Unsere Leistungen"},"content":{"rendered":"[vc_row type=&#8221;in_container&#8221; full_screen_row_position=&#8221;middle&#8221; column_margin=&#8221;default&#8221; column_direction=&#8221;default&#8221; column_direction_tablet=&#8221;default&#8221; column_direction_phone=&#8221;default&#8221; scene_position=&#8221;center&#8221; top_padding=&#8221;20&#8243; text_color=&#8221;dark&#8221; text_align=&#8221;left&#8221; row_border_radius=&#8221;none&#8221; row_border_radius_applies=&#8221;bg&#8221; row_position_desktop=&#8221;default&#8221; row_position_tablet=&#8221;inherit&#8221; row_position_phone=&#8221;inherit&#8221; overflow=&#8221;visible&#8221; overlay_strength=&#8221;0.3&#8243; gradient_direction=&#8221;left_to_right&#8221; shape_divider_position=&#8221;bottom&#8221; bg_image_animation=&#8221;none&#8221; gradient_type=&#8221;default&#8221; shape_type=&#8221;&#8221;][vc_column column_padding=&#8221;no-extra-padding&#8221; column_padding_tablet=&#8221;inherit&#8221; column_padding_phone=&#8221;inherit&#8221; column_padding_position=&#8221;all&#8221; column_element_direction_desktop=&#8221;default&#8221; column_element_spacing=&#8221;default&#8221; desktop_text_alignment=&#8221;default&#8221; tablet_text_alignment=&#8221;default&#8221; phone_text_alignment=&#8221;default&#8221; background_color_opacity=&#8221;1&#8243; background_hover_color_opacity=&#8221;1&#8243; column_backdrop_filter=&#8221;none&#8221; column_shadow=&#8221;none&#8221; column_border_radius=&#8221;none&#8221; column_link_target=&#8221;_self&#8221; column_position=&#8221;default&#8221; gradient_direction=&#8221;left_to_right&#8221; overlay_strength=&#8221;0.3&#8243; width=&#8221;1\/1&#8243; tablet_width_inherit=&#8221;default&#8221; animation_type=&#8221;default&#8221; bg_image_animation=&#8221;none&#8221; border_type=&#8221;simple&#8221; column_border_width=&#8221;none&#8221; column_border_style=&#8221;solid&#8221; column_padding_type=&#8221;default&#8221; content_layout=&#8221;default&#8221; gradient_type=&#8221;default&#8221;][vc_column_text css=&#8221;&#8221; text_direction=&#8221;default&#8221;]\n<h3 data-section-id=\"1kfvbcj\" data-start=\"863\" data-end=\"899\">\ud83c\udf3f Gartenpflege &amp; Instandhaltung<\/h3>\n<p data-start=\"900\" data-end=\"1029\">Ein sch\u00f6ner Garten braucht kontinuierliche Pflege. Unser Team \u00fcbernimmt alle regelm\u00e4\u00dfigen Arbeiten professionell und zuverl\u00e4ssig:<\/p>\n<ul data-start=\"1031\" data-end=\"1218\">\n<li data-section-id=\"1f34is9\" data-start=\"1031\" data-end=\"1059\">\n<p data-start=\"1033\" data-end=\"1059\">Rasenpflege &amp; Rasenm\u00e4hen<\/p>\n<\/li>\n<li data-section-id=\"ixr96p\" data-start=\"1060\" data-end=\"1090\">\n<p data-start=\"1062\" data-end=\"1090\">Hecken- und Strauchschnitt<\/p>\n<\/li>\n<li data-section-id=\"1gcrqty\" data-start=\"1091\" data-end=\"1112\">\n<p data-start=\"1093\" data-end=\"1112\">Unkrautentfernung<\/p>\n<\/li>\n<li data-section-id=\"v8vs0a\" data-start=\"1113\" data-end=\"1148\">\n<p data-start=\"1115\" data-end=\"1148\">Laubarbeiten &amp; saisonale Pflege<\/p>\n<\/li>\n<li data-section-id=\"cn9nmh\" data-start=\"1149\" data-end=\"1172\">\n<p data-start=\"1151\" data-end=\"1172\">Bew\u00e4sserungsservice<\/p>\n<\/li>\n<li data-section-id=\"xpnmbq\" data-start=\"1173\" data-end=\"1218\">\n<p data-start=\"1175\" data-end=\"1218\">Pflege von Wohnanlagen und Gewerbefl\u00e4chen<\/p>\n<\/li>\n<\/ul>\n<p data-start=\"1220\" data-end=\"1314\">Wir erstellen individuelle Pflegepl\u00e4ne \u2013 abgestimmt auf Ihre Anforderungen und die Jahreszeit.<\/p>\n<hr data-start=\"1316\" data-end=\"1319\" \/>\n<h3 data-section-id=\"q78lti\" data-start=\"1321\" data-end=\"1357\">\ud83c\udf31 Gartengestaltung &amp; Neuanlagen<\/h3>\n<p data-start=\"1358\" data-end=\"1474\">Sie m\u00f6chten Ihren Garten neu gestalten oder modernisieren? Wir begleiten Ihr Projekt von der Idee bis zur Umsetzung:<\/p>\n<ul data-start=\"1476\" data-end=\"1654\">\n<li data-section-id=\"18sma9t\" data-start=\"1476\" data-end=\"1513\">\n<p data-start=\"1478\" data-end=\"1513\">Planung und Gestaltung von G\u00e4rten<\/p>\n<\/li>\n<li data-section-id=\"1khbaw4\" data-start=\"1514\" data-end=\"1544\">\n<p data-start=\"1516\" data-end=\"1544\">Neuanlage von Rasenfl\u00e4chen<\/p>\n<\/li>\n<li data-section-id=\"gzgaxh\" data-start=\"1545\" data-end=\"1580\">\n<p data-start=\"1547\" data-end=\"1580\">Pflanzarbeiten &amp; Beetgestaltung<\/p>\n<\/li>\n<li data-section-id=\"ek5w6j\" data-start=\"1581\" data-end=\"1616\">\n<p data-start=\"1583\" data-end=\"1616\">Terrassen- und Wegevorbereitung<\/p>\n<\/li>\n<li data-section-id=\"1rxvpih\" data-start=\"1617\" data-end=\"1654\">\n<p data-start=\"1619\" data-end=\"1654\">Bodenverbesserung und Erdarbeiten<\/p>\n<\/li>\n<\/ul>\n<p data-start=\"1656\" data-end=\"1719\">Unser Ziel: funktionale Au\u00dfenbereiche mit nat\u00fcrlicher \u00c4sthetik.<\/p>\n<hr data-start=\"1721\" data-end=\"1724\" \/>\n<h3 data-section-id=\"lrjo5m\" data-start=\"1726\" data-end=\"1756\">\ud83d\udee0\ufe0f Gartenger\u00e4te &amp; Technik<\/h3>\n<p data-start=\"1757\" data-end=\"1861\">Neben unseren Dienstleistungen bieten wir zuverl\u00e4ssige Gartentechnik f\u00fcr private und gewerbliche Kunden:<\/p>\n<ul data-start=\"1863\" data-end=\"2012\">\n<li data-section-id=\"1ymo4cb\" data-start=\"1863\" data-end=\"1892\">\n<p data-start=\"1865\" data-end=\"1892\">Beratung zu Gartenger\u00e4ten<\/p>\n<\/li>\n<li data-section-id=\"6uis6s\" data-start=\"1893\" data-end=\"1937\">\n<p data-start=\"1895\" data-end=\"1937\">Lieferung und Einsatz moderner Maschinen<\/p>\n<\/li>\n<li data-section-id=\"1vhojoj\" data-start=\"1938\" data-end=\"1966\">\n<p data-start=\"1940\" data-end=\"1966\">Ger\u00e4tewartung und Pflege<\/p>\n<\/li>\n<li data-section-id=\"1dmrm6q\" data-start=\"1967\" data-end=\"2012\">\n<p data-start=\"1969\" data-end=\"2012\">Effiziente L\u00f6sungen f\u00fcr gro\u00dfe Gr\u00fcnfl\u00e4chen<\/p>\n<\/li>\n<\/ul>\n<p data-start=\"2014\" data-end=\"2129\">Wir arbeiten ausschlie\u00dflich mit leistungsstarker und nachhaltiger Technik, um optimale Ergebnisse zu gew\u00e4hrleisten.<\/p>\n<hr data-start=\"1721\" data-end=\"1724\" \/>\n<h3 data-section-id=\"lrjo5m\" data-start=\"1726\" data-end=\"1756\">\ud83d\udee0\ufe0f Bahnsicherung<\/h3>\n<p data-start=\"1757\" data-end=\"1861\">Die LWB GmbH ist sich ihrer besonderen Verantwortung bei der Durchf\u00fchrung von Landschaftspflegearbeiten im Umfeld von Bahnanlagen im Raum M\u00fcnchen bewusst und legt h\u00f6chsten Wert auf die Einhaltung s\u00e4mtlicher eisenbahnspezifischer Sicherheitsvorschriften. Alle T\u00e4tigkeiten in Gleisn\u00e4he werden ausschlie\u00dflich von entsprechend geschultem Personal ausgef\u00fchrt, das regelm\u00e4\u00dfig Unterweisungen zu Bahnsicherheit, Gefahrenpr\u00e4vention und Notfallma\u00dfnahmen erh\u00e4lt. Vor Beginn der Arbeiten erfolgt eine sorgf\u00e4ltige Gef\u00e4hrdungsbeurteilung sowie die Abstimmung mit den zust\u00e4ndigen Bahnstellen, um Betriebsabl\u00e4ufe nicht zu beeintr\u00e4chtigen und Risiken zu minimieren. Durch den Einsatz geeigneter pers\u00f6nlicher Schutzausr\u00fcstung, klar definierter Sicherheitsabst\u00e4nde sowie moderner, sicherheitsgepr\u00fcfter Arbeitsger\u00e4te gew\u00e4hrleistet die Lwb GmbH einen sicheren Arbeitsablauf sowohl f\u00fcr Mitarbeitende als auch f\u00fcr den Bahnverkehr. Ziel ist es, Pflege- und Instandhaltungsma\u00dfnahmen effizient, zuverl\u00e4ssig und unter konsequenter Einhaltung aller relevanten Sicherheitsstandards umzusetzen.<\/p>\n[\/vc_column_text][\/vc_column][\/vc_row]\n","protected":false},"excerpt":{"rendered":"<p>[vc_row type=&#8221;in_container&#8221; full_screen_row_position=&#8221;middle&#8221; column_margin=&#8221;default&#8221; column_direction=&#8221;default&#8221; column_direction_tablet=&#8221;default&#8221; column_direction_phone=&#8221;default&#8221; scene_position=&#8221;center&#8221; top_padding=&#8221;20&#8243; text_color=&#8221;dark&#8221; text_align=&#8221;left&#8221; row_border_radius=&#8221;none&#8221; row_border_radius_applies=&#8221;bg&#8221; row_position_desktop=&#8221;default&#8221; row_position_tablet=&#8221;inherit&#8221; row_position_phone=&#8221;inherit&#8221; overflow=&#8221;visible&#8221; overlay_strength=&#8221;0.3&#8243; gradient_direction=&#8221;left_to_right&#8221; shape_divider_position=&#8221;bottom&#8221; bg_image_animation=&#8221;none&#8221; gradient_type=&#8221;default&#8221; shape_type=&#8221;&#8221;][vc_column column_padding=&#8221;no-extra-padding&#8221; column_padding_tablet=&#8221;inherit&#8221;&#8230;<\/p>\n","protected":false},"author":1,"featured_media":0,"parent":0,"menu_order":0,"comment_status":"closed","ping_status":"closed","template":"","meta":{"footnotes":""},"class_list":["post-5878","page","type-page","status-publish"],"_links":{"self":[{"href":"https:\/\/lwbgmbh.de\/index.php\/wp-json\/wp\/v2\/pages\/5878","targetHints":{"allow":["GET"]}}],"collection":[{"href":"https:\/\/lwbgmbh.de\/index.php\/wp-json\/wp\/v2\/pages"}],"about":[{"href":"https:\/\/lwbgmbh.de\/index.php\/wp-json\/wp\/v2\/types\/page"}],"author":[{"embeddable":true,"href":"https:\/\/lwbgmbh.de\/index.php\/wp-json\/wp\/v2\/users\/1"}],"replies":[{"embeddable":true,"href":"https:\/\/lwbgmbh.de\/index.php\/wp-json\/wp\/v2\/comments?post=5878"}],"version-history":[{"count":11,"href":"https:\/\/lwbgmbh.de\/index.php\/wp-json\/wp\/v2\/pages\/5878\/revisions"}],"predecessor-version":[{"id":5933,"href":"https:\/\/lwbgmbh.de\/index.php\/wp-json\/wp\/v2\/pages\/5878\/revisions\/5933"}],"wp:attachment":[{"href":"https:\/\/lwbgmbh.de\/index.php\/wp-json\/wp\/v2\/media?parent=5878"}],"curies":[{"name":"wp","href":"https:\/\/api.w.org\/{rel}","templated":true}]}}